{"id":2,"date":"2025-03-17T23:11:50","date_gmt":"2025-03-17T22:11:50","guid":{"rendered":"https:\/\/www.tomisol.pl\/?page_id=2"},"modified":"2025-03-27T12:11:43","modified_gmt":"2025-03-27T11:11:43","slug":"przykladowa-strona","status":"publish","type":"page","link":"https:\/\/www.tomisol.pl\/?page_id=2","title":{"rendered":"PRODUKTY"},"content":{"rendered":"\n<p><\/p>\n\n\n\n<p><\/p>\n\n\n\n<p><strong>ODCI\u0104GI DO MALARNI I LAKIERNI<\/strong><\/p>\n\n\n\n<p>Jednym z g\u0142\u00f3wnych obszar\u00f3w produkcji naszej firmy jest produkcja urz\u0105dze\u0144 wentylacyjno-filtracyjnych dla lakiernictwa. Oferujemy kompleksowe rozwi\u0105zania dla bran\u017cy meblowej i blacharskiej. Produkujemy gotowe urz\u0105dzenia i komponenty do wentylacji wywiewnej i nawiewnej w lakierniach.<\/p>\n\n\n\n<p>W naszej ofercie znajd\u0105 Pa\u0144stwo:<\/p>\n\n\n\n<blockquote class=\"wp-block-quote is-layout-flow wp-block-quote-is-layout-flow\">\n<p><\/p>\n\n\n\n<ul class=\"wp-block-list\">\n<li>\u015bciany lakiernicze typu suchego<\/li>\n\n\n\n<li>stanowiska lakiernicze do malowania ma\u0142ych element\u00f3w<\/li>\n\n\n\n<li>mobilne \u015bciany lakiernicze<\/li>\n\n\n\n<li>plenum nawiewne<\/li>\n\n\n\n<li>centrale nawiewne<\/li>\n\n\n\n<li>nagrzewnice wodne<\/li>\n\n\n\n<li>aparaty grzewczo-wentylacyjne z komorami mieszaj\u0105cymi<\/li>\n\n\n\n<li>wentylatory przeciwwybuchowe<\/li>\n\n\n\n<li>dachowe emitery zanieczyszcze\u0144<\/li>\n<\/ul>\n\n\n\n<p><\/p>\n<\/blockquote>\n\n\n\n<p>Zajmujemy si\u0119 tak\u017ce projektowaniem, monta\u017cem i produkcj\u0105 na wymiar:<\/p>\n\n\n\n<ul class=\"wp-block-list\">\n<li>okap\u00f3w nawiewnych<\/li>\n\n\n\n<li>przemys\u0142owych \u015bcian lakierniczych<\/li>\n\n\n\n<li>\u015bcian lakierniczych wn\u0119kowych<\/li>\n\n\n\n<li>kom\u00f3r filtracyjnych<\/li>\n<\/ul>\n\n\n\n<p><\/p>\n\n\n\n<p><\/p>\n\n\n\n<p><strong>ODCI\u0104GI DYM\u00d3W I SPALIN<\/strong><\/p>\n\n\n\n<p>Emisja zanieczyszcze\u0144 lekkich (dymy, gazy, spaliny) wymaga bardzo skutecznej wentylacji z uwagi na zagro\u017cenie dla zdrowia ludzi i bezpiecze\u0144stwa urz\u0105dze\u0144. Nasza firma zajmuje si\u0119 produkcj\u0105 urz\u0105dze\u0144 odci\u0105gowych, kt\u00f3re pozwalaj\u0105 w szybki i efektywny spos\u00f3b usun\u0105\u0107 zanieczyszczenie. Urz\u0105dzenia dobieramy stosownie do specyfiki zak\u0142adu i procesu technologicznego. Produkujemy r\u00f3wnie\u017c gotowe odci\u0105gi, kt\u00f3re klient mo\u017ce samodzielnie zainstalowa\u0107 w \u0142atwy spos\u00f3b w swojej firmie.<\/p>\n\n\n\n<p><\/p>\n\n\n\n<blockquote class=\"wp-block-quote is-layout-flow wp-block-quote-is-layout-flow\">\n<ul class=\"wp-block-list\">\n<li>namioty i komory do spawania<\/li>\n\n\n\n<li>wentylatory odci\u0105gowe<\/li>\n\n\n\n<li>ramiona odci\u0105gowe<\/li>\n\n\n\n<li>okapy przemys\u0142owe<\/li>\n\n\n\n<li>ssawki do spalin<\/li>\n\n\n\n<li>mobilne i stacjonarne odci\u0105gi spalin samochodowych<\/li>\n\n\n\n<li>sto\u0142y spawalnicze i sto\u0142y do szlifierskie<\/li>\n<\/ul>\n<\/blockquote>\n\n\n\n<p>Opr\u00f3cz urz\u0105dze\u0144 odci\u0105gowych produkujemy r\u00f3wnie\u017c wysokiej jako\u015bci urz\u0105dzenia filtracyjne do py\u0142\u00f3w metalicznych, kt\u00f3re s\u0105 stosowane do odci\u0105g\u00f3w spawalniczych a tak\u017ce wycinarek laserowych i plazmowych.<\/p>\n\n\n\n<p><strong>ODCI\u0104GI MG\u0141Y OLEJOWEJ<\/strong><\/p>\n\n\n\n<p>Mg\u0142a olejowa to zanieczyszczenie cz\u0119sto bagatelizowane przez przedsi\u0119biorc\u00f3w na etapie planowania zak\u0142adu produkcyjnego. Niestety&nbsp; cz\u0105steczki oleju s\u0105 zazwyczaj niewidoczne w powietrzu a bardzo szkodliwe dla zdrowia pracownik\u00f3w i stanu maszyn. Oferujemy Pa\u0144stwu szerok\u0105 gam\u0119 urz\u0105dze\u0144 odsysaj\u0105cych i oczyszczaj\u0105cych do mg\u0142y olejowej i ch\u0142odziw technicznych. Nasze urz\u0105dzenia s\u0105 stosowane zar\u00f3wno przy obrabiarkach konwenconalnych jak r\u00f3wnie\u017c przy centrach obr\u00f3bczych CNC. Wiele naszych odci\u0105g\u00f3w jest r\u00f3wnie\u017c powodzeniem&nbsp; stosowana w przemy\u015ble spo\u017cywczym i w lokalach gastronomicznych.<\/p>\n\n\n\n<p>W naszej ofercie znajd\u0105 Pa\u0144stwo nast\u0119puj\u0105ce urz\u0105dzenia:<\/p>\n\n\n\n<blockquote class=\"wp-block-quote is-layout-flow wp-block-quote-is-layout-flow\">\n<ul class=\"wp-block-list\">\n<li>ramiona ss\u0105ce<\/li>\n\n\n\n<li>okapy przy\u015bcienne z \u0142apaczami t\u0142uszczu<\/li>\n\n\n\n<li>okapy centralne<\/li>\n\n\n\n<li>poch\u0142aniacze boczne<\/li>\n\n\n\n<li>filtry kana\u0142owe<\/li>\n\n\n\n<li>separatory wir\u00f3wkowe<\/li>\n\n\n\n<li>wentylatory do mg\u0142y olejowej<\/li>\n<\/ul>\n<\/blockquote>\n\n\n\n<p>Wykonujemy r\u00f3wnie\u017c zabudowy na wymiar do maszyn CNC.<\/p>\n\n\n\n<p><strong>WENTYLATORY PRZEMYS\u0141OWE<\/strong><\/p>\n\n\n\n<p>Posiadamy szerok\u0105 ofert\u0119 wentylator\u00f3w przemys\u0142owych producent\u00f3w polskich i zagranicznych dzi\u0119ki czemu mo\u017cemy dobra\u0107 wentylator stosownie do potrzeb procesu technologicznego. Pomagamy w doborze wentylatora do istniej\u0105cych instalacji i modyfikujemy je wed\u0142ug potrzeb klienta. <\/p>\n\n\n\n<p>W naszej ofercie znajd\u0105 Pa\u0144stwo:<\/p>\n\n\n\n<blockquote class=\"wp-block-quote is-layout-flow wp-block-quote-is-layout-flow\">\n<ul class=\"wp-block-list\">\n<li>wentylatory \u015bcienne<\/li>\n\n\n\n<li>wentylatory dachowe<\/li>\n\n\n\n<li>wentylatory kana\u0142owe<\/li>\n\n\n\n<li>wentylatory promieniowe<\/li>\n<\/ul>\n<\/blockquote>\n\n\n\n<p>Posiadamy r\u00f3wnie\u017c wentylatory specjalistyczne:<\/p>\n\n\n\n<ul class=\"wp-block-list\">\n<li>chemoodporne<\/li>\n\n\n\n<li>przeciwwybuchowe<\/li>\n\n\n\n<li>wysokotemperaturowe<\/li>\n<\/ul>\n\n\n\n<p><strong>MATERIA\u0141Y EKPLOATACYJNE<\/strong><\/p>\n\n\n\n<p>Oferujemy szeroki wyb\u00f3r materia\u0142\u00f3w filtracyjnych i komponent\u00f3w wentylacyjnych ulegaj\u0105cych szybkiemu zu\u017cyciu.<\/p>\n\n\n\n<p>W naszej ofercie znajd\u0105 Pa\u0144stwo:<\/p>\n\n\n\n<blockquote class=\"wp-block-quote is-layout-flow wp-block-quote-is-layout-flow\">\n<ul class=\"wp-block-list\">\n<li>maty filtracyjne do powietrza<\/li>\n\n\n\n<li>filtry kartonowe<\/li>\n\n\n\n<li>filtry PAINT STOP<\/li>\n\n\n\n<li>filtry kieszeniowe<\/li>\n\n\n\n<li>filtry HEPA<\/li>\n\n\n\n<li>worki filtracyjne do odpylaczy<\/li>\n\n\n\n<li>r\u0119kawy filtracyjne<\/li>\n\n\n\n<li>filtry patronowe<\/li>\n\n\n\n<li>worki zbiorcze do odpylaczy<\/li>\n\n\n\n<li>kompensatory drga\u0144<\/li>\n\n\n\n<li>r\u0119kawy nadmuchowe<\/li>\n\n\n\n<li>w\u0119\u017ce elastyczne<\/li>\n\n\n\n<li>opaski zaciskowe do work\u00f3w<\/li>\n<\/ul>\n<\/blockquote>\n\n\n\n<p><strong>TECHNIKA NAP\u0118DOWA I ZASILANIE AWARYJNE<\/strong><\/p>\n\n\n\n<p>Poprawna i energooszcz\u0119dna praca urz\u0105dze\u0144 wentylacyjnych jest uzale\u017cniona nie tylko od odpowiedniego doboru urz\u0105dzenia ale tak\u017ce od sposobu jego sterowania. Nasza firma specjalizuje si\u0119 w optymalizacji urz\u0105dze\u0144 wentylacyjnych pod k\u0105tem energooszcz\u0119dno\u015bci i bezawaryjno\u015bci.<\/p>\n\n\n\n<p>Oferujemy Pa\u0144stwu:<\/p>\n\n\n\n<blockquote class=\"wp-block-quote is-layout-flow wp-block-quote-is-layout-flow\">\n<ul class=\"wp-block-list\">\n<li>regulatory obrot\u00f3w do silnik\u00f3w jednofazowych<\/li>\n\n\n\n<li>falowniki nap\u0119dowe do silnik\u00f3w tr\u00f3jfazowych<\/li>\n\n\n\n<li>energooszcz\u0119dne silniki elektryczne<\/li>\n\n\n\n<li>soft-starty<\/li>\n\n\n\n<li>filtry sieciowe do falownik\u00f3w<\/li>\n\n\n\n<li>falowniki solarne<\/li>\n\n\n\n<li>uk\u0142ady awaryjnego zasilania OFF-GRID<\/li>\n<\/ul>\n<\/blockquote>\n\n\n\n<p><strong>WYPOSA\u017bENIE STANOWISK PRACY<\/strong><\/p>\n\n\n\n<p>Oferujemy produkcje nietypowych element\u00f3w wyposa\u017cenia stanowisk pracy zwi\u0119kszaj\u0105cych bezpiecze\u0144stwo i komfort pracy. Produkujemy m.in.:<\/p>\n\n\n\n<blockquote class=\"wp-block-quote is-layout-flow wp-block-quote-is-layout-flow\">\n<ul class=\"wp-block-list\">\n<li>sto\u0142y monterskie<\/li>\n\n\n\n<li>meble gastronomiczne<\/li>\n\n\n\n<li>rega\u0142y narz\u0119dziowe na wymiar<\/li>\n\n\n\n<li>obudowy d\u017awi\u0119koch\u0142onne<\/li>\n\n\n\n<li>elementy ze stali nierdzewnej<\/li>\n<\/ul>\n<\/blockquote>\n","protected":false},"excerpt":{"rendered":"<p>ODCI\u0104GI DO MALARNI I LAKIERNI Jednym z g\u0142\u00f3wnych obszar\u00f3w produkcji naszej firmy jest produkcja urz\u0105dze\u0144 wentylacyjno-filtracyjnych dla lakiernictwa. Oferujemy kompleksowe rozwi\u0105zania dla bran\u017cy meblowej i blacharskiej. Produkujemy gotowe urz\u0105dzenia i komponenty do wentylacji wywiewnej i nawiewnej w lakierniach. W naszej ofercie znajd\u0105 Pa\u0144stwo: Zajmujemy si\u0119 tak\u017ce projektowaniem, monta\u017cem i produkcj\u0105 na wymiar: ODCI\u0104GI DYM\u00d3W I [&hellip;]<\/p>\n","protected":false},"author":1,"featured_media":0,"parent":0,"menu_order":0,"comment_status":"closed","ping_status":"open","template":"","meta":{"footnotes":""},"class_list":["post-2","page","type-page","status-publish","hentry"],"_links":{"self":[{"href":"https:\/\/www.tomisol.pl\/index.php?rest_route=\/wp\/v2\/pages\/2","targetHints":{"allow":["GET"]}}],"collection":[{"href":"https:\/\/www.tomisol.pl\/index.php?rest_route=\/wp\/v2\/pages"}],"about":[{"href":"https:\/\/www.tomisol.pl\/index.php?rest_route=\/wp\/v2\/types\/page"}],"author":[{"embeddable":true,"href":"https:\/\/www.tomisol.pl\/index.php?rest_route=\/wp\/v2\/users\/1"}],"replies":[{"embeddable":true,"href":"https:\/\/www.tomisol.pl\/index.php?rest_route=%2Fwp%2Fv2%2Fcomments&post=2"}],"version-history":[{"count":4,"href":"https:\/\/www.tomisol.pl\/index.php?rest_route=\/wp\/v2\/pages\/2\/revisions"}],"predecessor-version":[{"id":33,"href":"https:\/\/www.tomisol.pl\/index.php?rest_route=\/wp\/v2\/pages\/2\/revisions\/33"}],"wp:attachment":[{"href":"https:\/\/www.tomisol.pl\/index.php?rest_route=%2Fwp%2Fv2%2Fmedia&parent=2"}],"curies":[{"name":"wp","href":"https:\/\/api.w.org\/{rel}","templated":true}]}}